{"id":8189,"date":"2024-07-08T12:46:50","date_gmt":"2024-07-08T15:46:50","guid":{"rendered":"https:\/\/greenmenms.com\/?page_id=8189"},"modified":"2026-02-09T10:45:16","modified_gmt":"2026-02-09T13:45:16","slug":"contact-us","status":"publish","type":"page","link":"https:\/\/greenmenms.com\/es\/contact-us\/","title":{"rendered":"Cont\u00e1ctanos"},"content":{"rendered":"<div data-elementor-type=\"wp-page\" data-elementor-id=\"8189\" class=\"elementor elementor-8189\" data-elementor-post-type=\"page\">\n\t\t\t\t<div class=\"elementor-element elementor-element-54f7cdf6 e-flex e-con-boxed elementor-invisible e-con e-parent\" data-id=\"54f7cdf6\" data-element_type=\"container\" data-settings=\"{&quot;background_background&quot;:&quot;classic&quot;,&quot;animation&quot;:&quot;fadeIn&quot;}\">\n\t\t\t\t\t<div class=\"e-con-inner\">\n\t\t\t\t<div class=\"elementor-element elementor-element-35f99dd6 elementor-widget elementor-widget-heading\" data-id=\"35f99dd6\" data-element_type=\"widget\" data-widget_type=\"heading.default\">\n\t\t\t\t<div class=\"elementor-widget-container\">\n\t\t\t<h2 class=\"elementor-heading-title elementor-size-default\">Cont\u00e1ctanos<\/h2>\t\t<\/div>\n\t\t\t\t<\/div>\n\t\t\t\t<div class=\"elementor-element elementor-element-1cfbc3f elementor-widget elementor-widget-text-editor\" data-id=\"1cfbc3f\" data-element_type=\"widget\" data-widget_type=\"text-editor.default\">\n\t\t\t\t<div class=\"elementor-widget-container\">\n\t\t\t\t\t\t\t<p>P\u00f3ngase en contacto con nosotros para que podamos hacer que su mudanza sea c\u00f3moda. Perm\u00edtanos echarle una mano y ayudarle con todo el trabajo de mudanza.<\/p>\t\t\t\t\t\t<\/div>\n\t\t\t\t<\/div>\n\t\t\t\t<div class=\"elementor-element elementor-element-7296d1bd elementor-icon-list--layout-inline elementor-align-center elementor-list-item-link-full_width elementor-widget elementor-widget-icon-list\" data-id=\"7296d1bd\" data-element_type=\"widget\" data-widget_type=\"icon-list.default\">\n\t\t\t\t<div class=\"elementor-widget-container\">\n\t\t\t\t\t<ul class=\"elementor-icon-list-items elementor-inline-items\">\n\t\t\t\t\t\t\t<li class=\"elementor-icon-list-item elementor-inline-item\">\n\t\t\t\t\t\t\t\t\t\t\t<a href=\"https:\/\/greenmenms.com\/es\/\">\n\n\t\t\t\t\t\t\t\t\t\t\t<span class=\"elementor-icon-list-text\">Home<\/span>\n\t\t\t\t\t\t\t\t\t\t\t<\/a>\n\t\t\t\t\t\t\t\t\t<\/li>\n\t\t\t\t\t\t\t\t<li class=\"elementor-icon-list-item elementor-inline-item\">\n\t\t\t\t\t\t\t\t\t\t\t<span class=\"elementor-icon-list-icon\">\n\t\t\t\t\t\t\t<i aria-hidden=\"true\" class=\"jki jki-arrow-right-solid\"><\/i>\t\t\t\t\t\t<\/span>\n\t\t\t\t\t\t\t\t\t\t<span class=\"elementor-icon-list-text\">Cont\u00e1ctanos<\/span>\n\t\t\t\t\t\t\t\t\t<\/li>\n\t\t\t\t\t\t<\/ul>\n\t\t\t\t<\/div>\n\t\t\t\t<\/div>\n\t\t\t\t\t<\/div>\n\t\t\t\t<\/div>\n\t\t<div class=\"elementor-element elementor-element-21ed38a e-flex e-con-boxed e-con e-parent\" data-id=\"21ed38a\" data-element_type=\"container\">\n\t\t\t\t\t<div class=\"e-con-inner\">\n\t\t<div class=\"elementor-element elementor-element-88b902a e-con-full e-flex e-con e-child\" data-id=\"88b902a\" data-element_type=\"container\">\n\t\t<div class=\"elementor-element elementor-element-edb4539 e-con-full e-flex e-con e-child\" data-id=\"edb4539\" data-element_type=\"container\">\n\t\t\t\t<div class=\"elementor-element elementor-element-b2eb7c2 elementor-widget__width-auto elementor-invisible elementor-widget elementor-widget-image\" data-id=\"b2eb7c2\" data-element_type=\"widget\" data-settings=\"{&quot;_animation&quot;:&quot;fadeInLeft&quot;,&quot;_animation_delay&quot;:300}\" data-widget_type=\"image.default\">\n\t\t\t\t<div class=\"elementor-widget-container\">\n\t\t\t\t\t\t\t\t\t\t\t\t\t<img decoding=\"async\" width=\"24\" height=\"2\" src=\"https:\/\/greenmenms.com\/wp-content\/uploads\/2024\/06\/line-banner-img.jpg\" class=\"attachment-full size-full wp-image-7362\" alt=\"\" \/>\t\t\t\t\t\t\t\t\t\t\t\t\t<\/div>\n\t\t\t\t<\/div>\n\t\t\t\t<div class=\"elementor-element elementor-element-f0d8815 elementor-widget__width-auto elementor-invisible elementor-widget elementor-widget-heading\" data-id=\"f0d8815\" data-element_type=\"widget\" data-settings=\"{&quot;_animation&quot;:&quot;fadeInLeft&quot;}\" data-widget_type=\"heading.default\">\n\t\t\t\t<div class=\"elementor-widget-container\">\n\t\t\t<h4 class=\"elementor-heading-title elementor-size-default\">Cont\u00e1ctanos<\/h4>\t\t<\/div>\n\t\t\t\t<\/div>\n\t\t\t\t<\/div>\n\t\t\t\t<div class=\"elementor-element elementor-element-4e4dcdc elementor-widget elementor-widget-heading\" data-id=\"4e4dcdc\" data-element_type=\"widget\" data-widget_type=\"heading.default\">\n\t\t\t\t<div class=\"elementor-widget-container\">\n\t\t\t<h2 class=\"elementor-heading-title elementor-size-default\">Obtener una Cotizaci\u00f3n Gratuita<\/h2>\t\t<\/div>\n\t\t\t\t<\/div>\n\t\t\t\t<div class=\"elementor-element elementor-element-7979cc7 elementor-widget elementor-widget-text-editor\" data-id=\"7979cc7\" data-element_type=\"widget\" data-widget_type=\"text-editor.default\">\n\t\t\t\t<div class=\"elementor-widget-container\">\n\t\t\t\t\t\t\t<p>\u00bfListo para hacer que su mudanza sea libre de estr\u00e9s y sin complicaciones? En Greenmen Moving Services, \u00a1estamos aqu\u00ed para ayudarle! Complete el formulario a continuaci\u00f3n para obtener su cotizaci\u00f3n gratuita y sin compromiso.\u00a0<\/p><p>Ya sea que se est\u00e9 mudando a trav\u00e9s de la ciudad o del pa\u00eds, nuestro equipo amigable y experimentado est\u00e1 dedicado a brindarle un servicio excepcional en cada paso del camino. Perm\u00edtanos quitarle la carga pesada de sus hombros y darle tranquilidad.\u00a0<\/p><p>Cont\u00e1ctenos hoy mismo y comencemos con su mudanza suave y sin preocupaciones.<\/p>\t\t\t\t\t\t<\/div>\n\t\t\t\t<\/div>\n\t\t\t\t<\/div>\n\t\t<div class=\"elementor-element elementor-element-8e11c04 e-con-full e-flex e-con e-child\" data-id=\"8e11c04\" data-element_type=\"container\">\n\t\t\t\t<div class=\"elementor-element elementor-element-0745088 elementor-button-align-stretch elementor-widget elementor-widget-form\" data-id=\"0745088\" data-element_type=\"widget\" data-settings=\"{&quot;step_next_label&quot;:&quot;Next&quot;,&quot;step_previous_label&quot;:&quot;Previous&quot;,&quot;button_width&quot;:&quot;100&quot;,&quot;step_type&quot;:&quot;number_text&quot;,&quot;step_icon_shape&quot;:&quot;circle&quot;}\" data-widget_type=\"form.default\">\n\t\t\t\t<div class=\"elementor-widget-container\">\n\t\t\t\t\t<form class=\"elementor-form\" method=\"post\" name=\"Free Quote\" action=\"\">\n\t\t\t<input type=\"hidden\" name=\"post_id\" value=\"8189\"\/>\n\t\t\t<input type=\"hidden\" name=\"form_id\" value=\"0745088\"\/>\n\t\t\t<input type=\"hidden\" name=\"referer_title\" value=\"\" \/>\n\n\t\t\t\n\t\t\t<div class=\"elementor-form-fields-wrapper elementor-labels-\">\n\t\t\t\t\t\t\t\t<div class=\"elementor-field-type-email elementor-field-group elementor-column elementor-field-group-email elementor-col-100 elementor-field-required\">\n\t\t\t\t\t\t\t\t\t\t\t\t<label for=\"form-field-email\" class=\"elementor-field-label elementor-screen-only\">\n\t\t\t\t\t\t\t\tDirecci\u00f3n De Correo Electr\u00f3nico\t\t\t\t\t\t\t<\/label>\n\t\t\t\t\t\t\t\t\t\t\t\t\t\t<input size=\"1\" type=\"email\" name=\"form_fields[email]\" id=\"form-field-email\" class=\"elementor-field elementor-size-sm  elementor-field-textual\" placeholder=\"Direcci\u00f3n De Correo Electr\u00f3nico\" required=\"required\" aria-required=\"true\">\n\t\t\t\t\t\t\t\t\t\t\t<\/div>\n\t\t\t\t\t\t\t\t<div class=\"elementor-field-type-text elementor-field-group elementor-column elementor-field-group-field_f25e2c5 elementor-col-50 elementor-field-required\">\n\t\t\t\t\t\t\t\t\t\t\t\t<label for=\"form-field-field_f25e2c5\" class=\"elementor-field-label elementor-screen-only\">\n\t\t\t\t\t\t\t\tDe\t\t\t\t\t\t\t<\/label>\n\t\t\t\t\t\t\t\t\t\t\t\t\t\t<input size=\"1\" type=\"text\" name=\"form_fields[field_f25e2c5]\" id=\"form-field-field_f25e2c5\" class=\"elementor-field elementor-size-sm  elementor-field-textual\" placeholder=\"De\" required=\"required\" aria-required=\"true\">\n\t\t\t\t\t\t\t\t\t\t\t<\/div>\n\t\t\t\t\t\t\t\t<div class=\"elementor-field-type-text elementor-field-group elementor-column elementor-field-group-field_6ef7d81 elementor-col-50 elementor-field-required\">\n\t\t\t\t\t\t\t\t\t\t\t\t<label for=\"form-field-field_6ef7d81\" class=\"elementor-field-label elementor-screen-only\">\n\t\t\t\t\t\t\t\tA\t\t\t\t\t\t\t<\/label>\n\t\t\t\t\t\t\t\t\t\t\t\t\t\t<input size=\"1\" type=\"text\" name=\"form_fields[field_6ef7d81]\" id=\"form-field-field_6ef7d81\" class=\"elementor-field elementor-size-sm  elementor-field-textual\" placeholder=\"A\" required=\"required\" aria-required=\"true\">\n\t\t\t\t\t\t\t\t\t\t\t<\/div>\n\t\t\t\t\t\t\t\t<div class=\"elementor-field-type-select elementor-field-group elementor-column elementor-field-group-field_8cddc42 elementor-col-100 elementor-field-required\">\n\t\t\t\t\t\t\t\t\t\t\t\t<label for=\"form-field-field_8cddc42\" class=\"elementor-field-label elementor-screen-only\">\n\t\t\t\t\t\t\t\tTipo de mudanza\t\t\t\t\t\t\t<\/label>\n\t\t\t\t\t\t\t\t<div class=\"elementor-field elementor-select-wrapper remove-before\">\n\t\t\t<div class=\"select-caret-down-wrapper\">\n\t\t\t\t<svg aria-hidden=\"true\" class=\"e-font-icon-svg e-eicon-caret-down\" viewbox=\"0 0 571.4 571.4\" xmlns=\"http:\/\/www.w3.org\/2000\/svg\"><path d=\"M571 393Q571 407 561 418L311 668Q300 679 286 679T261 668L11 418Q0 407 0 393T11 368 36 357H536Q550 357 561 368T571 393Z\"><\/path><\/svg>\t\t\t<\/div>\n\t\t\t<select name=\"form_fields[field_8cddc42]\" id=\"form-field-field_8cddc42\" class=\"elementor-field-textual elementor-size-sm\" required=\"required\" aria-required=\"true\">\n\t\t\t\t\t\t\t\t\t<option value=\"Apartament Move\">Apartamento<\/option>\n\t\t\t\t\t\t\t\t\t<option value=\"House Move\">Casa<\/option>\n\t\t\t\t\t\t\t\t\t<option value=\"Business Move\">Mudanza De Negocios<\/option>\n\t\t\t\t\t\t\t<\/select>\n\t\t<\/div>\n\t\t\t\t\t\t<\/div>\n\t\t\t\t\t\t\t\t<div class=\"elementor-field-type-textarea elementor-field-group elementor-column elementor-field-group-message elementor-col-100\">\n\t\t\t\t\t\t\t\t\t\t\t\t<label for=\"form-field-message\" class=\"elementor-field-label elementor-screen-only\">\n\t\t\t\t\t\t\t\tOtros Detalles\t\t\t\t\t\t\t<\/label>\n\t\t\t\t\t\t<textarea class=\"elementor-field-textual elementor-field  elementor-size-sm\" name=\"form_fields[message]\" id=\"form-field-message\" rows=\"4\" placeholder=\"Otros Detalles\"><\/textarea>\t\t\t\t<\/div>\n\t\t\t\t\t\t\t\t<div class=\"elementor-field-group elementor-column elementor-field-type-submit elementor-col-100 e-form__buttons\">\n\t\t\t\t\t<button class=\"elementor-button elementor-size-sm\" type=\"submit\">\n\t\t\t\t\t\t<span class=\"elementor-button-content-wrapper\">\n\t\t\t\t\t\t\t\t\t\t\t\t\t\t\t\t\t\t\t\t\t\t<span class=\"elementor-button-text\">Enviar<\/span>\n\t\t\t\t\t\t\t\t\t\t\t\t\t<\/span>\n\t\t\t\t\t<\/button>\n\t\t\t\t<\/div>\n\t\t\t<\/div>\n\t\t<input type=\"hidden\" name=\"trp-form-language\" value=\"es\"\/><\/form>\n\t\t\t\t<\/div>\n\t\t\t\t<\/div>\n\t\t\t\t<\/div>\n\t\t\t\t\t<\/div>\n\t\t\t\t<\/div>\n\t\t<div class=\"elementor-element elementor-element-8d7d4a0 e-flex e-con-boxed e-con e-parent\" data-id=\"8d7d4a0\" data-element_type=\"container\" data-settings=\"{&quot;background_background&quot;:&quot;classic&quot;}\">\n\t\t\t\t\t<div class=\"e-con-inner\">\n\t\t<div class=\"elementor-element elementor-element-7f5932b e-flex e-con-boxed e-con e-child\" data-id=\"7f5932b\" data-element_type=\"container\">\n\t\t\t\t\t<div class=\"e-con-inner\">\n\t\t<div class=\"elementor-element elementor-element-573c014 e-flex e-con-boxed e-con e-child\" data-id=\"573c014\" data-element_type=\"container\">\n\t\t\t\t\t<div class=\"e-con-inner\">\n\t\t\t\t<div class=\"elementor-element elementor-element-5ad8bae elementor-widget__width-auto elementor-invisible elementor-widget elementor-widget-image\" data-id=\"5ad8bae\" data-element_type=\"widget\" data-settings=\"{&quot;_animation&quot;:&quot;fadeInLeft&quot;,&quot;_animation_delay&quot;:300}\" data-widget_type=\"image.default\">\n\t\t\t\t<div class=\"elementor-widget-container\">\n\t\t\t\t\t\t\t\t\t\t\t\t\t<img decoding=\"async\" width=\"24\" height=\"2\" src=\"https:\/\/greenmenms.com\/wp-content\/uploads\/2024\/06\/line-banner-img.jpg\" class=\"attachment-full size-full wp-image-7362\" alt=\"\" \/>\t\t\t\t\t\t\t\t\t\t\t\t\t<\/div>\n\t\t\t\t<\/div>\n\t\t\t\t<div class=\"elementor-element elementor-element-91b5e53 elementor-widget__width-auto elementor-invisible elementor-widget elementor-widget-heading\" data-id=\"91b5e53\" data-element_type=\"widget\" data-settings=\"{&quot;_animation&quot;:&quot;fadeInLeft&quot;}\" data-widget_type=\"heading.default\">\n\t\t\t\t<div class=\"elementor-widget-container\">\n\t\t\t<h4 class=\"elementor-heading-title elementor-size-default\">Informaci\u00f3n De Contacto<\/h4>\t\t<\/div>\n\t\t\t\t<\/div>\n\t\t\t\t\t<\/div>\n\t\t\t\t<\/div>\n\t\t\t\t<div class=\"elementor-element elementor-element-f808d06 elementor-invisible elementor-widget elementor-widget-heading\" data-id=\"f808d06\" data-element_type=\"widget\" data-settings=\"{&quot;_animation&quot;:&quot;zoomIn&quot;}\" data-widget_type=\"heading.default\">\n\t\t\t\t<div class=\"elementor-widget-container\">\n\t\t\t<h2 class=\"elementor-heading-title elementor-size-default\">Nuestra Informaci\u00f3n De Contacto<\/h2>\t\t<\/div>\n\t\t\t\t<\/div>\n\t\t<div class=\"elementor-element elementor-element-40a4065 e-con-full e-flex elementor-invisible e-con e-child\" data-id=\"40a4065\" data-element_type=\"container\" data-settings=\"{&quot;animation&quot;:&quot;fadeInUp&quot;}\">\n\t\t<div class=\"elementor-element elementor-element-54e4fbd e-con-full e-flex e-con e-child\" data-id=\"54e4fbd\" data-element_type=\"container\" data-settings=\"{&quot;background_background&quot;:&quot;classic&quot;}\">\n\t\t<div class=\"elementor-element elementor-element-a956317 e-con-full e-flex e-con e-child\" data-id=\"a956317\" data-element_type=\"container\">\n\t\t\t\t<div class=\"elementor-element elementor-element-4374117 elementor-widget elementor-widget-image\" data-id=\"4374117\" data-element_type=\"widget\" data-widget_type=\"image.default\">\n\t\t\t\t<div class=\"elementor-widget-container\">\n\t\t\t\t\t\t\t\t\t\t\t\t\t<img decoding=\"async\" width=\"35\" height=\"44\" src=\"https:\/\/greenmenms.com\/wp-content\/uploads\/2024\/06\/location-icon.png\" class=\"elementor-animation-float attachment-full size-full wp-image-7465\" alt=\"\" \/>\t\t\t\t\t\t\t\t\t\t\t\t\t<\/div>\n\t\t\t\t<\/div>\n\t\t\t\t<\/div>\n\t\t<div class=\"elementor-element elementor-element-40c0355 e-con-full e-flex e-con e-child\" data-id=\"40c0355\" data-element_type=\"container\">\n\t\t\t\t<div class=\"elementor-element elementor-element-55651ea elementor-widget elementor-widget-heading\" data-id=\"55651ea\" data-element_type=\"widget\" data-widget_type=\"heading.default\">\n\t\t\t\t<div class=\"elementor-widget-container\">\n\t\t\t<h2 class=\"elementor-heading-title elementor-size-default\">Nuestra Oficina:<\/h2>\t\t<\/div>\n\t\t\t\t<\/div>\n\t\t\t\t<div class=\"elementor-element elementor-element-1b68161 elementor-widget elementor-widget-text-editor\" data-id=\"1b68161\" data-element_type=\"widget\" data-widget_type=\"text-editor.default\">\n\t\t\t\t<div class=\"elementor-widget-container\">\n\t\t\t\t\t\t\t<p>1200 N Central Ave, STE 111, Kissimmee, FL 34741<\/p>\t\t\t\t\t\t<\/div>\n\t\t\t\t<\/div>\n\t\t\t\t<\/div>\n\t\t\t\t<\/div>\n\t\t<div class=\"elementor-element elementor-element-cfa8cd0 e-con-full e-flex e-con e-child\" data-id=\"cfa8cd0\" data-element_type=\"container\" data-settings=\"{&quot;background_background&quot;:&quot;classic&quot;}\">\n\t\t<div class=\"elementor-element elementor-element-c6a7ee2 e-con-full e-flex e-con e-child\" data-id=\"c6a7ee2\" data-element_type=\"container\">\n\t\t\t\t<div class=\"elementor-element elementor-element-f93c83e elementor-widget elementor-widget-image\" data-id=\"f93c83e\" data-element_type=\"widget\" data-widget_type=\"image.default\">\n\t\t\t\t<div class=\"elementor-widget-container\">\n\t\t\t\t\t\t\t\t\t\t\t\t\t<img decoding=\"async\" width=\"26\" height=\"44\" src=\"https:\/\/greenmenms.com\/wp-content\/uploads\/2024\/06\/phone-icon-1.png\" class=\"elementor-animation-float attachment-full size-full wp-image-7466\" alt=\"\" \/>\t\t\t\t\t\t\t\t\t\t\t\t\t<\/div>\n\t\t\t\t<\/div>\n\t\t\t\t<\/div>\n\t\t<div class=\"elementor-element elementor-element-7df1948 e-con-full e-flex e-con e-child\" data-id=\"7df1948\" data-element_type=\"container\">\n\t\t\t\t<div class=\"elementor-element elementor-element-8f96e21 elementor-widget elementor-widget-heading\" data-id=\"8f96e21\" data-element_type=\"widget\" data-widget_type=\"heading.default\">\n\t\t\t\t<div class=\"elementor-widget-container\">\n\t\t\t<h2 class=\"elementor-heading-title elementor-size-default\">N\u00famero De Tel\u00e9fono:<\/h2>\t\t<\/div>\n\t\t\t\t<\/div>\n\t\t\t\t<div class=\"elementor-element elementor-element-8e3be2f elementor-widget elementor-widget-text-editor\" data-id=\"8e3be2f\" data-element_type=\"widget\" data-widget_type=\"text-editor.default\">\n\t\t\t\t<div class=\"elementor-widget-container\">\n\t\t\t\t\t\t\t<p>+1 (407) 873-5486<\/p>\t\t\t\t\t\t<\/div>\n\t\t\t\t<\/div>\n\t\t\t\t<\/div>\n\t\t\t\t<\/div>\n\t\t<div class=\"elementor-element elementor-element-7b1ba0f e-con-full e-flex e-con e-child\" data-id=\"7b1ba0f\" data-element_type=\"container\" data-settings=\"{&quot;background_background&quot;:&quot;classic&quot;}\">\n\t\t<div class=\"elementor-element elementor-element-105da1c e-con-full e-flex e-con e-child\" data-id=\"105da1c\" data-element_type=\"container\">\n\t\t\t\t<div class=\"elementor-element elementor-element-fb02df2 elementor-widget elementor-widget-image\" data-id=\"fb02df2\" data-element_type=\"widget\" data-widget_type=\"image.default\">\n\t\t\t\t<div class=\"elementor-widget-container\">\n\t\t\t\t\t\t\t\t\t\t\t\t\t<img loading=\"lazy\" decoding=\"async\" width=\"42\" height=\"41\" src=\"https:\/\/greenmenms.com\/wp-content\/uploads\/2024\/06\/Email.png\" class=\"elementor-animation-float attachment-full size-full wp-image-7467\" alt=\"\" \/>\t\t\t\t\t\t\t\t\t\t\t\t\t<\/div>\n\t\t\t\t<\/div>\n\t\t\t\t<\/div>\n\t\t<div class=\"elementor-element elementor-element-bac27ca e-con-full e-flex e-con e-child\" data-id=\"bac27ca\" data-element_type=\"container\">\n\t\t\t\t<div class=\"elementor-element elementor-element-b51dc3e elementor-widget elementor-widget-heading\" data-id=\"b51dc3e\" data-element_type=\"widget\" data-widget_type=\"heading.default\">\n\t\t\t\t<div class=\"elementor-widget-container\">\n\t\t\t<h2 class=\"elementor-heading-title elementor-size-default\">Env\u00edenos un correo electr\u00f3nico a:<\/h2>\t\t<\/div>\n\t\t\t\t<\/div>\n\t\t\t\t<div class=\"elementor-element elementor-element-c858158 elementor-widget elementor-widget-text-editor\" data-id=\"c858158\" data-element_type=\"widget\" data-widget_type=\"text-editor.default\">\n\t\t\t\t<div class=\"elementor-widget-container\">\n\t\t\t\t\t\t\t<p>greenmenms@hotmail.com<\/p>\t\t\t\t\t\t<\/div>\n\t\t\t\t<\/div>\n\t\t\t\t<\/div>\n\t\t\t\t<\/div>\n\t\t\t\t<\/div>\n\t\t\t\t\t<\/div>\n\t\t\t\t<\/div>\n\t\t\t\t\t<\/div>\n\t\t\t\t<\/div>\n\t\t<div class=\"elementor-element elementor-element-2054cb59 e-con-full e-flex e-con e-parent\" data-id=\"2054cb59\" data-element_type=\"container\">\n\t\t\t\t<div class=\"elementor-element elementor-element-3b743e80 elementor-invisible elementor-widget elementor-widget-google_maps\" data-id=\"3b743e80\" data-element_type=\"widget\" data-settings=\"{&quot;_animation&quot;:&quot;pulse&quot;}\" data-widget_type=\"google_maps.default\">\n\t\t\t\t<div class=\"elementor-widget-container\">\n\t\t\t\t\t<div class=\"elementor-custom-embed\">\n\t\t\t<iframe loading=\"lazy\"\n\t\t\t\t\tsrc=\"https:\/\/maps.google.com\/maps?q=121%20King%20Street%2C%20Melbourne%20Victoria%203000%20Australia&#038;t=m&#038;z=19&#038;output=embed&#038;iwloc=near\"\n\t\t\t\t\ttitle=\"121 King Street, Melbourne Victoria 3000 Australia\"\n\t\t\t\t\taria-label=\"121 King Street, Melbourne Victoria 3000 Australia\"\n\t\t\t><\/iframe>\n\t\t<\/div>\n\t\t\t\t<\/div>\n\t\t\t\t<\/div>\n\t\t\t\t<\/div>\n\t\t\t\t<\/div>","protected":false},"excerpt":{"rendered":"<p>Contact Us Get in touch with us so we can make your moving a comfortable one, let us lend you a hand and help you with all the moving work. Home Contact Send Us a Message Get a Free Quote Ready to make your move stress-free and seamless? At Greenmen Moving Services, we&#8217;re here to [&hellip;]<\/p>","protected":false},"author":1,"featured_media":0,"parent":0,"menu_order":0,"comment_status":"closed","ping_status":"closed","template":"elementor_header_footer","meta":{"_joinchat":[],"footnotes":""},"class_list":["post-8189","page","type-page","status-publish","hentry"],"_links":{"self":[{"href":"https:\/\/greenmenms.com\/es\/wp-json\/wp\/v2\/pages\/8189","targetHints":{"allow":["GET"]}}],"collection":[{"href":"https:\/\/greenmenms.com\/es\/wp-json\/wp\/v2\/pages"}],"about":[{"href":"https:\/\/greenmenms.com\/es\/wp-json\/wp\/v2\/types\/page"}],"author":[{"embeddable":true,"href":"https:\/\/greenmenms.com\/es\/wp-json\/wp\/v2\/users\/1"}],"replies":[{"embeddable":true,"href":"https:\/\/greenmenms.com\/es\/wp-json\/wp\/v2\/comments?post=8189"}],"version-history":[{"count":37,"href":"https:\/\/greenmenms.com\/es\/wp-json\/wp\/v2\/pages\/8189\/revisions"}],"predecessor-version":[{"id":8565,"href":"https:\/\/greenmenms.com\/es\/wp-json\/wp\/v2\/pages\/8189\/revisions\/8565"}],"wp:attachment":[{"href":"https:\/\/greenmenms.com\/es\/wp-json\/wp\/v2\/media?parent=8189"}],"curies":[{"name":"wp","href":"https:\/\/api.w.org\/{rel}","templated":true}]}}